{"id":1703,"date":"2023-08-17T20:50:57","date_gmt":"2023-08-17T20:50:57","guid":{"rendered":"https:\/\/tailorbau.com\/?page_id=1703"},"modified":"2023-09-28T13:32:10","modified_gmt":"2023-09-28T13:32:10","slug":"time-for-living","status":"publish","type":"page","link":"https:\/\/tailorbau.com\/en\/time-for-living\/","title":{"rendered":"Time For Living"},"content":{"rendered":"<section class=\"kc-elm kc-css-505555 kc_row\"><div class=\"kc-row-container  kc-container\"><div class=\"kc-wrap-columns\"><div class=\"kc-elm kc-css-959231 kc_col-sm-12 kc_column kc_col-sm-12\"><div class=\"kc-col-container\"><div class=\"kc-elm kc-css-304000 kc_row kc_row_inner\"><div class=\"kc-elm kc-css-125876 kc_col-sm-6 kc_column_inner kc_col-sm-6\"><div class=\"kc_wrapper kc-col-inner-container\"><div class=\"kc-elm kc-css-980178 kc_shortcode kc_single_image\">\n\n        <img decoding=\"async\" src=\"https:\/\/tailorbau.com\/wp-content\/uploads\/barcelona-venta-casa-lujo.jpg\" class=\"\" alt=\"\" \/>    <\/div>\n<\/div><\/div><div class=\"kc-elm kc-css-361810 kc_col-sm-6 kc_column_inner kc_col-sm-6\"><div class=\"kc_wrapper kc-col-inner-container\"><div class=\"kc-elm kc-css-271622 kc_row kc_row_inner\"><div class=\"kc-elm kc-css-534420 kc_col-sm-12 kc_column_inner kc_col-sm-12 content-row-text-art-1\"><div class=\"kc_wrapper kc-col-inner-container\">\n<div class=\"kc-elm kc-css-523382 kc-title-wrap \">\n\n\t<p class=\"kc_title\">751<\/p>\n<\/div>\n\n<div class=\"kc-elm kc-css-652451 kc-title-wrap \">\n\n\t<p class=\"kc_title title-sale\">TIME FOR<br\/>\r\n LIVING<\/p>\n<\/div>\n<div class=\"kc-elm kc-css-515974 kc-raw-code\"><hr class=\"hr-div-line line-init\" style=\"width: 45%;\r\n    float: left;\"><\/div><div class=\"kc-elm kc-css-491815 kc_text_block\">\n<p>\n560,85 M<span class=\"number-child\">2<\/span> <span class=\"text-space\"> \u2022 INTERIOR SACES<\/span><\/p>\n<p>114,35 M<span class=\"number-child\">2<\/span> <span class=\"text-space\">\u2022 EXTERIOR SPACES<\/span><\/p>\n<\/div><div class=\"kc-elm kc-css-978059 kc-raw-code\"><hr class=\"hr-div-line line-init\" style=\"width: 45%;\r\n    float: left;\"><\/div><div class=\"kc-elm kc-css-824046 kc-icon-wrapper icon-text-u\">\n\t\t<i class=\"et-map-pin icon-u\"><\/i>\n\t<\/div>\n<div class=\"kc-elm kc-css-207278 kc_text_block text-u-icon\">\n<p>\nTEI\u00c0, REGION OF MARESME.<br \/>PROVINCE DE BARCELONA, CATALONIA (SPAIN).<\/p>\n<\/div><\/div><\/div><\/div><\/div><\/div><\/div><\/div><\/div><\/div><\/div><\/section><section class=\"kc-elm kc-css-247825 kc_row\"><div class=\"kc-row-container  kc-container\"><div class=\"kc-wrap-columns\"><div class=\"kc-elm kc-css-962815 kc_col-sm-12 kc_column kc_col-sm-12\"><div class=\"text-sales-content kc-col-container\"><div class=\"kc-elm kc-css-206781 kc_row kc_row_inner\"><div class=\"kc-elm kc-css-282104 kc_col-sm-12 kc_column_inner kc_col-sm-12\"><div class=\"bloc-box-2 det-right-b det-content kc_wrapper kc-col-inner-container\"><div class=\"kc-elm kc-css-77691 kc_shortcode kc_single_image\">\n\n        <img decoding=\"async\" src=\"https:\/\/tailorbau.com\/wp-content\/uploads\/angle-top.svg\" class=\"top-image-svg\" alt=\"\" \/>    <\/div>\n<div class=\"kc-elm kc-css-570475 kc_text_block\">\n<p style=\"text-align: center;\">The sustainability, comfort, multi-functionality, and symbiosis with<br \/>the environment, together with a passion for the Mediterranean are combined<br \/>in a poetic way to achieve an inimitable result.<\/p>\n<\/div><div class=\"kc-elm kc-css-313644\" style=\"height: 20px; clear: both; width:100%;\"><\/div><\/div><\/div><\/div><\/div><\/div><\/div><\/div><\/section><section class=\"kc-elm kc-css-329938 kc_row\"><div class=\"kc-row-container  kc-container\"><div class=\"kc-wrap-columns\"><div class=\"kc-elm kc-css-38367 kc_col-sm-12 kc_column kc_col-sm-12\"><div class=\"kc-col-container\"><div class=\"kc-elm kc-css-952978 kc_row kc_row_inner\"><div class=\"kc-elm kc-css-958707 kc_col-sm-12 kc_column_inner kc_col-sm-12\"><div class=\"kc_wrapper kc-col-inner-container\"><div class=\"kc-elm kc-css-161390 kc_shortcode kc_single_image\">\n\n        <img decoding=\"async\" src=\"https:\/\/tailorbau.com\/wp-content\/uploads\/casa-elegante-barcelona-teia-venta.jpg\" class=\"\" alt=\"\" \/>    <\/div>\n<\/div><\/div><\/div><\/div><\/div><\/div><\/div><\/section><section class=\"kc-elm kc-css-661268 kc_row\"><div class=\"kc-row-container  kc-container\"><div class=\"kc-wrap-columns\"><div class=\"kc-elm kc-css-157371 kc_col-sm-12 kc_column kc_col-sm-12\"><div class=\"kc-col-container\"><div class=\"kc-elm kc-css-958019 kc_row kc_row_inner\"><div class=\"kc-elm kc-css-940959 kc_col-sm-12 kc_column_inner kc_col-sm-12\"><div class=\"kc_wrapper kc-col-inner-container\"><div class=\"kc-elm kc-css-568520 kc_row kc_row_inner\"><div class=\"kc-elm kc-css-151458 kc_col-sm-3 kc_column_inner kc_col-sm-3\"><div class=\"kc_wrapper kc-col-inner-container\"><div class=\"kc-elm kc-css-577135 kc-raw-code\"><div class=\"info-value-text\"> \r\n<span class=\"number-info\">\r\n627,40 m\r\n<span class=\"number-child\">2<\/span><\/span>\r\n<br>\r\n<span class=\"text-info info-text1\">\r\nTotal area\r\n<\/span>\r\n<\/div><\/div><\/div><\/div><div class=\"kc-elm kc-css-44618 kc_col-sm-3 kc_column_inner kc_col-sm-3\"><div class=\"kc_wrapper kc-col-inner-container\"><div class=\"kc-elm kc-css-393231 kc-raw-code\"><div class=\"info-value-text\"> \r\n<span class=\"number-info\">\r\n403,80 m\r\n<span class=\"number-child\">2<\/span><\/span> \r\n<br>\r\n<span class=\"text-info text-vivienda info-text2\">\r\nHouse\r\n<\/span>\r\n<\/div><\/div><\/div><\/div><div class=\"kc-elm kc-css-262123 kc_col-sm-3 kc_column_inner kc_col-sm-3\"><div class=\"kc_wrapper kc-col-inner-container\"><div class=\"kc-elm kc-css-445401 kc-raw-code\"><div class=\"info-value-text\"> \r\n<span class=\"number-info\">\r\n114,35 m\r\n<span class=\"number-child\">2<\/span><\/span> <br>\r\n<span class=\"text-info info-text3\">\r\nExterior spaces\r\n<\/span>\r\n<\/div><\/div><\/div><\/div><div class=\"kc-elm kc-css-896391 kc_col-sm-3 kc_column_inner kc_col-sm-3\"><div class=\"kc_wrapper kc-col-inner-container\"><div class=\"kc-elm kc-css-924250 kc-raw-code\"><div class=\"info-value-text\"> \r\n<span class=\"number-info\">\r\n43,50  m\r\n<span class=\"number-child\">2<\/span><\/span> <br>\r\n<span class=\"text-info info-text4\">\r\nPool Surface\r\n<\/span>\r\n<\/div><\/div><\/div><\/div><\/div><\/div><\/div><\/div><div class=\"kc-elm kc-css-390243 kc-raw-code\"><hr class=\"hr-div padding-hr line-init\" style=\"width: 100%;\r\n    float: left;\"><\/div><div class=\"kc-elm kc-css-405223 kc_row kc_row_inner\"><div class=\"kc-elm kc-css-367608 kc_col-sm-12 kc_column_inner kc_col-sm-12\"><div class=\"kc_wrapper kc-col-inner-container\"><div class=\"kc-elm kc-css-220848 kc_row kc_row_inner\"><div class=\"kc-elm kc-css-788679 kc_col-sm-6 kc_column_inner kc_col-sm-6\"><div class=\"kc_wrapper kc-col-inner-container\"><div class=\"kc-elm kc-css-436489 kc_shortcode kc_single_image\">\n\n        <img decoding=\"async\" src=\"https:\/\/tailorbau.com\/wp-content\/uploads\/ICONO_HABITACION-07.svg\" class=\"img-logo-extra\" alt=\"\" \/>    <\/div>\n<div class=\"kc-elm kc-css-702124 kc-raw-code\"><div class=\"text-extra-image\">\r\n<p class=\"text-room\">4 Bedrooms<\/p>\r\n<\/div><\/div><\/div><\/div><div class=\"kc-elm kc-css-161900 kc_col-sm-6 kc_column_inner kc_col-sm-6\"><div class=\"kc_wrapper kc-col-inner-container\"><div class=\"kc-elm kc-css-549653 kc_shortcode kc_single_image\">\n\n        <img decoding=\"async\" src=\"https:\/\/tailorbau.com\/wp-content\/uploads\/ICONO_AUTO-06.svg\" class=\"img-logo-extra-2\" alt=\"\" \/>    <\/div>\n<div class=\"kc-elm kc-css-898622 kc-raw-code\"><div class=\"text-extra-image\">\r\n<p style=\"margin-top: 24px \">\r\n<span class=\"number-aparcamiento\" style=\"font-size:17px\">119,10m<\/span>\r\n<span class=\"number-child\">2<\/span>\r\n<br>\r\n<span class=\"text-car\">The parking<\/span>\r\n<\/p>\r\n<\/div><\/div><\/div><\/div><\/div><\/div><\/div><\/div><\/div><\/div><\/div><\/div><\/section><section class=\"kc-elm kc-css-407296 kc_row\"><div class=\"kc-row-container  kc-container\"><div class=\"kc-wrap-columns\"><div class=\"kc-elm kc-css-511158 kc_col-sm-12 kc_column kc_col-sm-12\"><div class=\"kc-col-container\"><div class=\"kc-elm kc-css-164817 kc_row kc_row_inner\"><div class=\"kc-elm kc-css-921336 kc_col-sm-12 kc_column_inner kc_col-sm-12\"><div class=\"kc_wrapper kc-col-inner-container\"><div class=\"kc-elm kc-css-853764 kc_shortcode kc_single_image\">\n\n        <img decoding=\"async\" src=\"https:\/\/tailorbau.com\/wp-content\/uploads\/casa-lujo-venta-barcelona.jpg\" class=\"\" alt=\"\" \/>    <\/div>\n<\/div><\/div><\/div><\/div><\/div><\/div><\/div><\/section><section class=\"kc-elm kc-css-578647 kc_row\"><div class=\"kc-row-container  kc-container\"><div class=\"kc-wrap-columns\"><div class=\"kc-elm kc-css-229841 kc_col-sm-12 kc_column kc_col-sm-12\"><div class=\"kc-col-container\"><div class=\"kc-elm kc-css-328288 kc_row kc_row_inner\"><div class=\"kc-elm kc-css-333489 kc_col-sm-6 kc_column_inner kc_col-sm-6\"><div class=\"kc_wrapper kc-col-inner-container\"><div class=\"kc-elm kc-css-749266 kc_row kc_row_inner\"><div class=\"kc-elm kc-css-695247 kc_col-sm-12 kc_column_inner kc_col-sm-12\"><div class=\"kc_wrapper kc-col-inner-container\"><div class=\"kc-elm kc-css-385800 kc-icon-wrapper icon-text-u\">\n\t\t<i class=\"et-map-pin icon-u\"><\/i>\n\t<\/div>\n<div class=\"kc-elm kc-css-781578 kc_text_block\">\n<p>\nTei\u00e0 is a very quiet village close to Barcelona.<br \/>Maresme is a dual region of the world,<br \/>half terrestrial half maritime, with<br \/>soft granite mountains and sandy beaches.<\/p>\n<\/div><\/div><\/div><\/div><\/div><\/div><div class=\"kc-elm kc-css-642885 kc_col-sm-6 kc_column_inner kc_col-sm-6\"><div class=\"kc_wrapper kc-col-inner-container\"><div class=\"kc-elm kc-css-296756 kc_row kc_row_inner\"><div class=\"kc-elm kc-css-48375 kc_col-sm-12 kc_column_inner kc_col-sm-12 content-row-text-art-1\"><div class=\"kc_wrapper kc-col-inner-container\"><div class=\"kc-elm kc-css-762406 kc_shortcode kc_single_image\">\n\n        <img decoding=\"async\" src=\"https:\/\/tailorbau.com\/wp-content\/uploads\/MAPA-ESPAN\u0303A-04.svg\" class=\"\" alt=\"\" \/>    <\/div>\n<\/div><\/div><\/div><\/div><\/div><\/div><\/div><\/div><\/div><\/div><\/section><section class=\"kc-elm kc-css-411054 kc_row\"><div class=\"kc-row-container  kc-container\"><div class=\"kc-wrap-columns\"><div class=\"kc-elm kc-css-707852 kc_col-sm-12 kc_column kc_col-sm-12\"><div class=\"kc-col-container\"><div class=\"kc-elm kc-css-615103 kc_row kc_row_inner\"><div class=\"kc-elm kc-css-731769 kc_col-sm-12 kc_column_inner kc_col-sm-12\"><div class=\"kc_wrapper kc-col-inner-container\"><div class=\"kc-elm kc-css-509893 kc_shortcode kc_single_image\">\n\n        <img decoding=\"async\" src=\"https:\/\/tailorbau.com\/wp-content\/uploads\/casa-lujo-venta-teia-barcelona.jpg\" class=\"\" alt=\"\" \/>    <\/div>\n<\/div><\/div><\/div><\/div><\/div><\/div><\/div><\/section><section class=\"kc-elm kc-css-841711 kc_row\"><div class=\"kc-row-container  kc-container\"><div class=\"kc-wrap-columns\"><div class=\"kc-elm kc-css-454549 kc_col-sm-12 kc_column kc_col-sm-12\"><div class=\"kc-col-container\"><div class=\"kc-elm kc-css-751160 kc_row kc_row_inner\"><div class=\"kc-elm kc-css-988564 kc_col-sm-6 kc_column_inner kc_col-sm-6\"><div class=\"kc_wrapper kc-col-inner-container\"><div class=\"kc-elm kc-css-683401 kc_shortcode kc_single_image\">\n\n        <img decoding=\"async\" src=\"https:\/\/tailorbau.com\/wp-content\/uploads\/lujo-casa-venta-barcelona.jpg\" class=\"\" alt=\"\" \/>    <\/div>\n<\/div><\/div><div class=\"kc-elm kc-css-324833 kc_col-sm-6 kc_column_inner kc_col-sm-6\"><div class=\"bloc-box-2 det-right-b det-content kc_wrapper kc-col-inner-container\"><div class=\"kc-elm kc-css-302596 kc_row kc_row_inner\"><div class=\"kc-elm kc-css-526039 kc_col-sm-12 kc_column_inner kc_col-sm-12\"><div class=\"kc_wrapper kc-col-inner-container\"><div class=\"kc-elm kc-css-866941 kc_shortcode kc_single_image\">\n\n        <img decoding=\"async\" src=\"https:\/\/tailorbau.com\/wp-content\/uploads\/angle-top.svg\" class=\"top-image-svg\" alt=\"\" \/>    <\/div>\n<div class=\"kc-elm kc-css-825221 kc_text_block\">\n<p>\nTwo overlapping and displaced volumes<br \/>and placed with each other to create<br \/>The Art of Nature.<\/p>\n<\/div><\/div><\/div><\/div><\/div><\/div><\/div><\/div><\/div><\/div><\/div><\/section><section class=\"kc-elm kc-css-396184 kc_row\"><div class=\"kc-row-container  kc-container\"><div class=\"kc-wrap-columns\"><div class=\"kc-elm kc-css-500850 kc_col-sm-12 kc_column kc_col-sm-12\"><div class=\"kc-col-container\"><div class=\"kc-elm kc-css-895800 kc_row kc_row_inner\"><div class=\"kc-elm kc-css-800202 kc_col-sm-12 kc_column_inner kc_col-sm-12\"><div class=\"kc_wrapper kc-col-inner-container\"><div class=\"kc-elm kc-css-455160 kc_shortcode kc_single_image\">\n\n        <img decoding=\"async\" src=\"https:\/\/tailorbau.com\/wp-content\/uploads\/imagenes_pag-ventas-14-1-scaled.jpg\" class=\"\" alt=\"\" \/>    <\/div>\n<\/div><\/div><\/div><\/div><\/div><\/div><\/div><\/section><section class=\"kc-elm kc-css-79540 kc_row\"><div class=\"kc-row-container  kc-container\"><div class=\"kc-wrap-columns\"><div class=\"kc-elm kc-css-312482 kc_col-sm-12 kc_column kc_col-sm-12\"><div class=\"row-images-b kc-col-container\"><div class=\"kc-elm kc-css-262898 kc_row kc_row_inner\"><div class=\"kc-elm kc-css-173862 kc_col-sm-12 kc_column_inner kc_col-sm-12\"><div class=\"kc_wrapper kc-col-inner-container\"><div class=\"kc-elm kc-css-348149 kc_shortcode kc_single_image\">\n\n        <img decoding=\"async\" src=\"https:\/\/tailorbau.com\/wp-content\/uploads\/venta-casa-elegante-barcelona.jpg\" class=\"\" alt=\"\" \/>    <\/div>\n<div class=\"kc-elm kc-css-350639\" style=\"height: 20px; clear: both; width:100%;\"><\/div><\/div><\/div><\/div><div class=\"kc-elm kc-css-836660 kc_row kc_row_inner\"><div class=\"kc-elm kc-css-235542 kc_col-sm-6 kc_column_inner kc_col-sm-6\"><div class=\"kc_wrapper kc-col-inner-container\"><div class=\"kc-elm kc-css-116261 kc_shortcode kc_single_image\">\n\n        <img decoding=\"async\" src=\"https:\/\/tailorbau.com\/wp-content\/uploads\/venta-casa-elegante-teia.jpg\" class=\"image-box-text\" alt=\"\" \/>    <\/div>\n<\/div><\/div><div class=\"kc-elm kc-css-307004 kc_col-sm-6 kc_column_inner kc_col-sm-6\"><div class=\"image-box-text2 kc_wrapper kc-col-inner-container\"><div class=\"kc-elm kc-css-138513 kc_shortcode kc_single_image image-box-text2\">\n\n        <img decoding=\"async\" src=\"https:\/\/tailorbau.com\/wp-content\/uploads\/venta-casa-lujo-barcelona-teia.jpg\" class=\"image-box-text2\" alt=\"\" \/>    <\/div>\n<\/div><\/div><\/div><div class=\"kc-elm kc-css-581380 kc_row kc_row_inner\"><div class=\"kc-elm kc-css-200982 kc_col-sm-6 kc_column_inner kc_col-sm-6\"><div class=\"kc_wrapper kc-col-inner-container\"><div class=\"kc-elm kc-css-857613 kc_shortcode kc_single_image\">\n\n        <img decoding=\"async\" src=\"https:\/\/tailorbau.com\/wp-content\/uploads\/venta-casa-lujo-teia-barcelona.jpg\" class=\"image-box-text\" alt=\"\" \/>    <\/div>\n<\/div><\/div><div class=\"kc-elm kc-css-550536 kc_col-sm-6 kc_column_inner kc_col-sm-6\"><div class=\"image-box-text2 kc_wrapper kc-col-inner-container\"><div class=\"kc-elm kc-css-141322 kc_shortcode kc_single_image image-box-text2\">\n\n        <img decoding=\"async\" src=\"https:\/\/tailorbau.com\/wp-content\/uploads\/venta-casa-teia-barcelona.jpg\" class=\"image-box-text2\" alt=\"\" \/>    <\/div>\n<\/div><\/div><\/div><\/div><\/div><\/div><\/div><\/section><section class=\"kc-elm kc-css-805318 kc_row\"><div class=\"kc-row-container  kc-container\"><div class=\"kc-wrap-columns\"><div class=\"kc-elm kc-css-999286 kc_col-sm-12 kc_column kc_col-sm-12\"><div class=\"kc-col-container\"><div class=\"kc-elm kc-css-659858 kc_row kc_row_inner\"><div class=\"kc-elm kc-css-246907 kc_col-sm-6 kc_column_inner kc_col-sm-6\"><div class=\"kc_wrapper kc-col-inner-container\"><div class=\"kc-elm kc-css-1491 kc_shortcode kc_single_image\">\n\n        <img decoding=\"async\" src=\"https:\/\/tailorbau.com\/wp-content\/uploads\/vestidor-lujo.jpg\" class=\"\" alt=\"\" \/>    <\/div>\n<\/div><\/div><div class=\"kc-elm kc-css-515044 kc_col-sm-6 kc_column_inner kc_col-sm-6\"><div class=\"kc_wrapper kc-col-inner-container\"><div class=\"kc-elm kc-css-770479 kc_row kc_row_inner\"><div class=\"kc-elm kc-css-141255 kc_col-sm-12 kc_column_inner kc_col-sm-12\"><div class=\"kc_wrapper kc-col-inner-container\"><div class=\"kc-elm kc-css-282022 kc_shortcode kc_single_image\">\n\n        <img decoding=\"async\" src=\"https:\/\/tailorbau.com\/wp-content\/uploads\/G1_03_Facade.jpg\" class=\"\" alt=\"\" \/>    <\/div>\n<div class=\"kc-elm kc-css-466379\" style=\"height: 50px; clear: both; width:100%;\"><\/div><div class=\"kc-elm kc-css-89163 kc_shortcode kc_single_image\">\n\n        <img decoding=\"async\" src=\"https:\/\/tailorbau.com\/wp-content\/uploads\/sala-de-estar-exterior-lujo-maresme.jpg\" class=\"\" alt=\"\" \/>    <\/div>\n<\/div><\/div><\/div><\/div><\/div><\/div><\/div><\/div><\/div><\/div><\/section><section class=\"kc-elm kc-css-979814 kc_row\"><div class=\"kc-row-container  kc-container\"><div class=\"kc-wrap-columns\"><div class=\"kc-elm kc-css-498690 kc_col-sm-12 kc_column kc_col-sm-12\"><div class=\"kc-col-container\"><div class=\"kc-elm kc-css-839078 kc_row kc_row_inner\"><div class=\"kc-elm kc-css-626777 kc_col-sm-12 kc_column_inner kc_col-sm-12\"><div class=\"kc_wrapper kc-col-inner-container\"><div class=\"kc-elm kc-css-318223 kc_shortcode kc_single_image\">\n\n        <a  href=\"https:\/\/www.google.com\/maps\/place\/Carrer+Garb\u00ed,+1,+08329+Tei\u00e0,+Barcelona,+Espa\u00f1a\/@41.4919522,2.3179448,17z\/data=!3m1!4b1!4m5!3m4!1s0x12a4b0b6b9b98a09:0x536c3b1b6605c4c3!8m2!3d41.4919522!4d2.3179448\" title=\"\" target=\"_blank\">\n        <img decoding=\"async\" src=\"https:\/\/tailorbau.com\/wp-content\/uploads\/Captura-de-Pantalla-2022-07-21-a-las-8.57.35-p.m..png\" class=\"\" alt=\"\" \/>    <\/a>\n    <\/div>\n<\/div><\/div><\/div><\/div><\/div><\/div><\/div><\/section><section class=\"kc-elm kc-css-85985 kc_row\"><div class=\"kc-row-container  kc-container\"><div class=\"kc-wrap-columns\"><div class=\"kc-elm kc-css-377650 kc_col-sm-12 kc_column kc_col-sm-12\"><div class=\"kc-col-container\"><div class=\"kc-elm kc-css-120295 kc_row kc_row_inner\"><div class=\"kc-elm kc-css-671891 kc_col-sm-12 kc_column_inner kc_col-sm-12\"><div class=\"kc_wrapper kc-col-inner-container\">\n\t<div class=\"kc-elm kc-css-965462 kc_shortcode kc_video_play kc_video_wrapper\" data-video=\"https:\/\/www.youtube.com\/watch?v=0qj_PXyqN7A\" data-width=\"600\" data-height=\"338.98305084746\" data-fullwidth=\"yes\" data-autoplay=\"yes\" data-loop=\"yes\" data-control=\"yes\" data-related=\"\" data-showinfo=\"\" data-kc-video-mute=\"yes\">\n\t\t\t<\/div>\n\n<\/div><\/div><\/div><\/div><\/div><\/div><\/div><\/section><section class=\"kc-elm kc-css-482918 kc_row\"><div class=\"kc-row-container  kc-container\"><div class=\"kc-wrap-columns\"><div class=\"kc-elm kc-css-614232 kc_col-sm-12 kc_column kc_col-sm-12\"><div class=\"kc-col-container\"><div class=\"kc-elm kc-css-79717 kc_row kc_row_inner\"><div class=\"kc-elm kc-css-946437 kc_col-sm-12 kc_column_inner kc_col-sm-12\"><div class=\"kc_wrapper kc-col-inner-container\"><div class=\"kc-elm kc-css-791568 kc_google_maps kc_shortcode google-maps-barcelona\"><div style=\"height: 350px\" class=\"kc-google-maps\"><iframe src=\"https:\/\/www.google.com\/maps\/embed?pb=!1m18!1m12!1m3!1d2988.5685668799347!2d2.3179447999999994!3d41.4919522!2m3!1f0!2f0!3f0!3m2!1i1024!2i768!4f13.1!3m3!1m2!1s0x12a4b0b6b9b98a09%3A0x536c3b1b6605c4c3!2zQ2FycmVyIEdhcmLDrSwgMSwgMDgzMjkgVGVpw6AsIEJhcmNlbG9uYSwgRXNwYcOxYQ!5e0!3m2!1ses!2sco!4v1659359895215!5m2!1ses!2sco\" width=\"100%\" height=\"350\" style=\"border:0;\" allowfullscreen=\"\" loading=\"lazy\" referrerpolicy=\"no-referrer-when-downgrade\"><\/iframe><\/div><\/div><\/div><\/div><\/div><\/div><\/div><\/div><\/div><\/section>\n","protected":false},"excerpt":{"rendered":"","protected":false},"author":2,"featured_media":1733,"parent":0,"menu_order":0,"comment_status":"closed","ping_status":"closed","template":"","meta":{"footnotes":""},"yoast_head":"<!-- This site is optimized with the Yoast SEO plugin v21.5 - https:\/\/yoast.com\/wordpress\/plugins\/seo\/ -->\n<title>Buy luxury house in Tei\u00e0, Maresme. Barcelona | Tailor&amp;Bau<\/title>\n<meta name=\"description\" content=\"Elegant overlapping of porcelain volumes, it shines with an architecture of straight lines and refined sophistication. Discover for yourself!\" \/>\n<meta name=\"robots\" content=\"index, follow, max-snippet:-1, max-image-preview:large, max-video-preview:-1\" \/>\n<link rel=\"canonical\" href=\"https:\/\/tailorbau.com\/en\/time-for-living\/\" \/>\n<meta property=\"og:locale\" content=\"en_US\" \/>\n<meta property=\"og:type\" content=\"article\" \/>\n<meta property=\"og:title\" content=\"Buy luxury house in Tei\u00e0, Maresme. Barcelona | Tailor&amp;Bau\" \/>\n<meta property=\"og:description\" content=\"Elegant overlapping of porcelain volumes, it shines with an architecture of straight lines and refined sophistication. Discover for yourself!\" \/>\n<meta property=\"og:url\" content=\"https:\/\/tailorbau.com\/en\/time-for-living\/\" \/>\n<meta property=\"og:site_name\" content=\"Tailor&amp;Bau\" \/>\n<meta property=\"article:modified_time\" content=\"2023-09-28T13:32:10+00:00\" \/>\n<meta name=\"twitter:card\" content=\"summary_large_image\" \/>\n<meta name=\"twitter:label1\" content=\"Est. reading time\" \/>\n\t<meta name=\"twitter:data1\" content=\"3 minutes\" \/>\n<script type=\"application\/ld+json\" class=\"yoast-schema-graph\">{\"@context\":\"https:\/\/schema.org\",\"@graph\":[{\"@type\":\"WebPage\",\"@id\":\"https:\/\/tailorbau.com\/en\/time-for-living\/\",\"url\":\"https:\/\/tailorbau.com\/en\/time-for-living\/\",\"name\":\"Buy luxury house in Tei\u00e0, Maresme. Barcelona | Tailor&Bau\",\"isPartOf\":{\"@id\":\"https:\/\/tailorbau.com\/#website\"},\"datePublished\":\"2023-08-17T20:50:57+00:00\",\"dateModified\":\"2023-09-28T13:32:10+00:00\",\"description\":\"Elegant overlapping of porcelain volumes, it shines with an architecture of straight lines and refined sophistication. Discover for yourself!\",\"inLanguage\":\"en-US\",\"potentialAction\":[{\"@type\":\"ReadAction\",\"target\":[\"https:\/\/tailorbau.com\/en\/time-for-living\/\"]}]},{\"@type\":\"WebSite\",\"@id\":\"https:\/\/tailorbau.com\/#website\",\"url\":\"https:\/\/tailorbau.com\/\",\"name\":\"Tailor&amp;Bau\",\"description\":\"Servicios a la construcci\u00f3n de casas de lujo\",\"publisher\":{\"@id\":\"https:\/\/tailorbau.com\/#organization\"},\"potentialAction\":[{\"@type\":\"SearchAction\",\"target\":{\"@type\":\"EntryPoint\",\"urlTemplate\":\"https:\/\/tailorbau.com\/?s={search_term_string}\"},\"query-input\":\"required name=search_term_string\"}],\"inLanguage\":\"en-US\"},{\"@type\":\"Organization\",\"@id\":\"https:\/\/tailorbau.com\/#organization\",\"name\":\"Tailor&amp;Bau\",\"url\":\"https:\/\/tailorbau.com\/\",\"logo\":{\"@type\":\"ImageObject\",\"inLanguage\":\"en-US\",\"@id\":\"https:\/\/tailorbau.com\/#\/schema\/logo\/image\/\",\"url\":\"https:\/\/tailorbau.com\/tailorwp\/wp-content\/uploads\/favicon.svg\",\"contentUrl\":\"https:\/\/tailorbau.com\/tailorwp\/wp-content\/uploads\/favicon.svg\",\"width\":1,\"height\":1,\"caption\":\"Tailor&amp;Bau\"},\"image\":{\"@id\":\"https:\/\/tailorbau.com\/#\/schema\/logo\/image\/\"}}]}<\/script>\n<!-- \/ Yoast SEO plugin. -->","yoast_head_json":{"title":"Buy luxury house in Tei\u00e0, Maresme. Barcelona | Tailor&Bau","description":"Elegant overlapping of porcelain volumes, it shines with an architecture of straight lines and refined sophistication. Discover for yourself!","robots":{"index":"index","follow":"follow","max-snippet":"max-snippet:-1","max-image-preview":"max-image-preview:large","max-video-preview":"max-video-preview:-1"},"canonical":"https:\/\/tailorbau.com\/en\/time-for-living\/","og_locale":"en_US","og_type":"article","og_title":"Buy luxury house in Tei\u00e0, Maresme. Barcelona | Tailor&Bau","og_description":"Elegant overlapping of porcelain volumes, it shines with an architecture of straight lines and refined sophistication. Discover for yourself!","og_url":"https:\/\/tailorbau.com\/en\/time-for-living\/","og_site_name":"Tailor&amp;Bau","article_modified_time":"2023-09-28T13:32:10+00:00","twitter_card":"summary_large_image","twitter_misc":{"Est. reading time":"3 minutes"},"schema":{"@context":"https:\/\/schema.org","@graph":[{"@type":"WebPage","@id":"https:\/\/tailorbau.com\/en\/time-for-living\/","url":"https:\/\/tailorbau.com\/en\/time-for-living\/","name":"Buy luxury house in Tei\u00e0, Maresme. Barcelona | Tailor&Bau","isPartOf":{"@id":"https:\/\/tailorbau.com\/#website"},"datePublished":"2023-08-17T20:50:57+00:00","dateModified":"2023-09-28T13:32:10+00:00","description":"Elegant overlapping of porcelain volumes, it shines with an architecture of straight lines and refined sophistication. Discover for yourself!","inLanguage":"en-US","potentialAction":[{"@type":"ReadAction","target":["https:\/\/tailorbau.com\/en\/time-for-living\/"]}]},{"@type":"WebSite","@id":"https:\/\/tailorbau.com\/#website","url":"https:\/\/tailorbau.com\/","name":"Tailor&amp;Bau","description":"Servicios a la construcci\u00f3n de casas de lujo","publisher":{"@id":"https:\/\/tailorbau.com\/#organization"},"potentialAction":[{"@type":"SearchAction","target":{"@type":"EntryPoint","urlTemplate":"https:\/\/tailorbau.com\/?s={search_term_string}"},"query-input":"required name=search_term_string"}],"inLanguage":"en-US"},{"@type":"Organization","@id":"https:\/\/tailorbau.com\/#organization","name":"Tailor&amp;Bau","url":"https:\/\/tailorbau.com\/","logo":{"@type":"ImageObject","inLanguage":"en-US","@id":"https:\/\/tailorbau.com\/#\/schema\/logo\/image\/","url":"https:\/\/tailorbau.com\/tailorwp\/wp-content\/uploads\/favicon.svg","contentUrl":"https:\/\/tailorbau.com\/tailorwp\/wp-content\/uploads\/favicon.svg","width":1,"height":1,"caption":"Tailor&amp;Bau"},"image":{"@id":"https:\/\/tailorbau.com\/#\/schema\/logo\/image\/"}}]}},"_links":{"self":[{"href":"https:\/\/tailorbau.com\/en\/wp-json\/wp\/v2\/pages\/1703"}],"collection":[{"href":"https:\/\/tailorbau.com\/en\/wp-json\/wp\/v2\/pages"}],"about":[{"href":"https:\/\/tailorbau.com\/en\/wp-json\/wp\/v2\/types\/page"}],"author":[{"embeddable":true,"href":"https:\/\/tailorbau.com\/en\/wp-json\/wp\/v2\/users\/2"}],"replies":[{"embeddable":true,"href":"https:\/\/tailorbau.com\/en\/wp-json\/wp\/v2\/comments?post=1703"}],"version-history":[{"count":0,"href":"https:\/\/tailorbau.com\/en\/wp-json\/wp\/v2\/pages\/1703\/revisions"}],"wp:featuredmedia":[{"embeddable":true,"href":"https:\/\/tailorbau.com\/en\/wp-json\/wp\/v2\/media\/1733"}],"wp:attachment":[{"href":"https:\/\/tailorbau.com\/en\/wp-json\/wp\/v2\/media?parent=1703"}],"curies":[{"name":"wp","href":"https:\/\/api.w.org\/{rel}","templated":true}]}}